{"id":968,"date":"2026-03-04T18:02:45","date_gmt":"2026-03-04T21:02:45","guid":{"rendered":"https:\/\/ijmesuperior-cba.infd.edu.ar\/sitio\/?page_id=968"},"modified":"2026-03-04T18:20:41","modified_gmt":"2026-03-04T21:20:41","slug":"enlaces-de-interes","status":"publish","type":"page","link":"https:\/\/ijmesuperior-cba.infd.edu.ar\/sitio\/enlaces-de-interes\/","title":{"rendered":"Enlaces de Inter\u00e9s"},"content":{"rendered":"\n<p><strong><a rel=\"noreferrer noopener\" href=\"https:\/\/www.cba.gov.ar\/boleto-cordobes\/\" data-type=\"URL\" data-id=\"https:\/\/www.cba.gov.ar\/boleto-cordobes\/\" target=\"_blank\">Boleto Educativo Gratuito:<\/a> <\/strong>El Boleto Educativo Gratuito (BEG) es un beneficio que permite a estudiantes, docentes y personal no docente <strong>viajar gratis en el transporte p\u00fablico<\/strong> para asistir a instituciones educativas.<\/p>\n\n\n\n<p><strong>\u00bfQu\u00e9 cubre?<\/strong><\/p>\n\n\n\n<ul>\n<li>Transporte urbano<\/li>\n\n\n\n<li>Interurbano<\/li>\n\n\n\n<li>Transporte escolar (seg\u00fan nivel)<\/li>\n<\/ul>\n\n\n\n<p>Permite viajar sin pagar boleto para ir y volver de:<\/p>\n\n\n\n<ul>\n<li>Clases presenciales<\/li>\n\n\n\n<li>Pr\u00e1cticas<\/li>\n\n\n\n<li>Ex\u00e1menes<\/li>\n\n\n\n<li>Actividades acad\u00e9micas obligatorias<\/li>\n<\/ul>\n\n\n\n<p><a rel=\"noreferrer noopener\" href=\"https:\/\/www.argentina.gob.ar\/educacion\/progresar\" data-type=\"URL\" data-id=\"https:\/\/www.argentina.gob.ar\/educacion\/progresar\" target=\"_blank\"><strong>Becas Progresar:<\/strong><\/a> La <strong>Beca Progresar<\/strong> es un programa del Estado argentino que brinda <strong>ayuda econ\u00f3mica mensual<\/strong> a estudiantes para que puedan:<\/p>\n\n\n\n<ul>\n<li>Terminar la escuela obligatoria<\/li>\n\n\n\n<li>Estudiar una carrera terciaria o universitaria<\/li>\n\n\n\n<li>Realizar cursos de formaci\u00f3n profesional<\/li>\n<\/ul>\n\n\n\n<p><strong>\u00bfQui\u00e9nes pueden acceder?<\/strong><\/p>\n\n\n\n<p>Depende de la l\u00ednea:<\/p>\n\n\n\n<ul>\n<li>J\u00f3venes entre 16 y 24 a\u00f1os (en algunos casos hasta 30 o m\u00e1s)<\/li>\n\n\n\n<li>Que est\u00e9n estudiando y sean alumnos regulares<\/li>\n\n\n\n<li>Que el grupo familiar no supere cierto nivel de ingresos<\/li>\n<\/ul>\n\n\n\n<p><strong>\u00bfQu\u00e9 se cobra?<\/strong><\/p>\n\n\n\n<ul>\n<li>Un monto mensual (var\u00eda cada a\u00f1o)<\/li>\n\n\n\n<li>Una parte se cobra mes a mes<\/li>\n\n\n\n<li>Un porcentaje se retiene y se paga cuando se acredita la regularidad<\/li>\n<\/ul>\n\n\n\n<p><\/p>\n","protected":false},"excerpt":{"rendered":"<p>Boleto Educativo Gratuito: El Boleto Educativo Gratuito (BEG) es un beneficio que permite a estudiantes, docentes y personal no docente viajar gratis en el transporte p\u00fablico para asistir a instituciones educativas. \u00bfQu\u00e9 cubre? Permite viajar sin pagar boleto para ir y volver de: Becas Progresar: La Beca Progresar es un programa del Estado argentino que &#8230; <a title=\"Enlaces de Inter\u00e9s\" class=\"read-more\" href=\"https:\/\/ijmesuperior-cba.infd.edu.ar\/sitio\/enlaces-de-interes\/\" aria-label=\"M\u00e1s en Enlaces de Inter\u00e9s\">[+]<\/a><\/p>\n","protected":false},"author":21,"featured_media":0,"parent":0,"menu_order":0,"comment_status":"closed","ping_status":"closed","template":"","meta":[],"_links":{"self":[{"href":"https:\/\/ijmesuperior-cba.infd.edu.ar\/sitio\/wp-json\/wp\/v2\/pages\/968"}],"collection":[{"href":"https:\/\/ijmesuperior-cba.infd.edu.ar\/sitio\/wp-json\/wp\/v2\/pages"}],"about":[{"href":"https:\/\/ijmesuperior-cba.infd.edu.ar\/sitio\/wp-json\/wp\/v2\/types\/page"}],"author":[{"embeddable":true,"href":"https:\/\/ijmesuperior-cba.infd.edu.ar\/sitio\/wp-json\/wp\/v2\/users\/21"}],"replies":[{"embeddable":true,"href":"https:\/\/ijmesuperior-cba.infd.edu.ar\/sitio\/wp-json\/wp\/v2\/comments?post=968"}],"version-history":[{"count":5,"href":"https:\/\/ijmesuperior-cba.infd.edu.ar\/sitio\/wp-json\/wp\/v2\/pages\/968\/revisions"}],"predecessor-version":[{"id":978,"href":"https:\/\/ijmesuperior-cba.infd.edu.ar\/sitio\/wp-json\/wp\/v2\/pages\/968\/revisions\/978"}],"wp:attachment":[{"href":"https:\/\/ijmesuperior-cba.infd.edu.ar\/sitio\/wp-json\/wp\/v2\/media?parent=968"}],"curies":[{"name":"wp","href":"https:\/\/api.w.org\/{rel}","templated":true}]}}