{"id":734,"date":"2018-07-26T10:49:22","date_gmt":"2018-07-26T13:49:22","guid":{"rendered":"https:\/\/ijmesuperior-cba.infd.edu.ar\/sitio\/?page_id=734"},"modified":"2026-03-04T19:14:33","modified_gmt":"2026-03-04T22:14:33","slug":"plan-de-estudio","status":"publish","type":"page","link":"https:\/\/ijmesuperior-cba.infd.edu.ar\/sitio\/catalogo\/plan-de-estudio\/","title":{"rendered":"Carreras"},"content":{"rendered":"\n<h1 class=\"wp-block-heading has-accent-color has-text-color has-large-font-size\">PROFESORADO DE EDUCACI\u00d3N F\u00cdSICA<\/h1>\n\n\n\n<p class=\"has-small-font-size\">Lograr que el futuro docente conozca los medios necesarios para su eficaz desempe\u00f1o como docente en la educaci\u00f3n fisica.<\/p>\n\n\n\n<h4 class=\"wp-block-heading has-medium-font-size\">Plan de estudio<\/h4>\n\n\n\n<p class=\"has-small-font-size\"><span class=\"texto-destacado\"><strong>Primer<\/strong> <strong>A\u00f1o:<\/strong><\/span><br><img decoding=\"async\" loading=\"lazy\" width=\"11\" height=\"11\" src=\"https:\/\/www.magnificat.edu.ar\/nivel-superior\/flecha-chica.gif\">&nbsp;Pedagog\u00eda<br><img decoding=\"async\" loading=\"lazy\" width=\"11\" height=\"11\" src=\"https:\/\/www.magnificat.edu.ar\/nivel-superior\/flecha-chica.gif\">&nbsp;Problem\u00e1ticas Sociantropol\u00f3gicas en Educaci\u00f3n<br><img decoding=\"async\" loading=\"lazy\" width=\"11\" height=\"11\" src=\"https:\/\/www.magnificat.edu.ar\/nivel-superior\/flecha-chica.gif\">&nbsp;Psicolog\u00eda y Educaci\u00f3n<br><img decoding=\"async\" loading=\"lazy\" width=\"11\" height=\"11\" src=\"https:\/\/www.magnificat.edu.ar\/nivel-superior\/flecha-chica.gif\">&nbsp;Pr\u00e1ctica Docente I \u201cContextos y Pr\u00e1cticas Educativas\u201d<br><img decoding=\"async\" loading=\"lazy\" width=\"11\" height=\"11\" src=\"https:\/\/www.magnificat.edu.ar\/nivel-superior\/flecha-chica.gif\">&nbsp;Fundamentos Biol\u00f3gicos del Movimiento Humano I<br><img decoding=\"async\" loading=\"lazy\" width=\"11\" height=\"11\" src=\"https:\/\/www.magnificat.edu.ar\/nivel-superior\/flecha-chica.gif\">&nbsp;Juego y Recreaci\u00f3n<br><img decoding=\"async\" loading=\"lazy\" width=\"11\" height=\"11\" src=\"https:\/\/www.magnificat.edu.ar\/nivel-superior\/flecha-chica.gif\">&nbsp;Gimnasia I<br><img decoding=\"async\" loading=\"lazy\" width=\"11\" height=\"11\" src=\"https:\/\/www.magnificat.edu.ar\/nivel-superior\/flecha-chica.gif\">&nbsp;Atletismo<br><img decoding=\"async\" loading=\"lazy\" width=\"11\" height=\"11\" src=\"https:\/\/www.magnificat.edu.ar\/nivel-superior\/flecha-chica.gif\">&nbsp;Pr\u00e1cticas Acu\u00e1ticas I<br><span class=\"texto-destacado\"><br><strong>Segundo A\u00f1o:<\/strong><br><\/span><img decoding=\"async\" loading=\"lazy\" width=\"11\" height=\"11\" src=\"https:\/\/www.magnificat.edu.ar\/nivel-superior\/flecha-chica.gif\">&nbsp;Did\u00e1ctica General<br><img decoding=\"async\" loading=\"lazy\" width=\"11\" height=\"11\" src=\"https:\/\/www.magnificat.edu.ar\/nivel-superior\/flecha-chica.gif\">&nbsp;Pr\u00e1c. Docente II: Las Pr\u00e1cticas de Educ. F\u00edsica en el Contexto Escolar<br><img decoding=\"async\" loading=\"lazy\" width=\"11\" height=\"11\" src=\"https:\/\/www.magnificat.edu.ar\/nivel-superior\/flecha-chica.gif\">&nbsp;Fundamentos Biol\u00f3gicos del Movimiento Humano II<br><img decoding=\"async\" loading=\"lazy\" width=\"11\" height=\"11\" src=\"https:\/\/www.magnificat.edu.ar\/nivel-superior\/flecha-chica.gif\">&nbsp;Desarrollo y Aprendizaje Motriz<br><img decoding=\"async\" loading=\"lazy\" width=\"11\" height=\"11\" src=\"https:\/\/www.magnificat.edu.ar\/nivel-superior\/flecha-chica.gif\">&nbsp;Did\u00e1ctica de la Educaci\u00f3n F\u00edsica<br><img decoding=\"async\" loading=\"lazy\" width=\"11\" height=\"11\" src=\"https:\/\/www.magnificat.edu.ar\/nivel-superior\/flecha-chica.gif\">&nbsp;Vida en la Naturaleza I<br><img decoding=\"async\" loading=\"lazy\" width=\"11\" height=\"11\" src=\"https:\/\/www.magnificat.edu.ar\/nivel-superior\/flecha-chica.gif\">&nbsp;Gimnasia II<br><img decoding=\"async\" loading=\"lazy\" width=\"11\" height=\"11\" src=\"https:\/\/www.magnificat.edu.ar\/nivel-superior\/flecha-chica.gif\">&nbsp;Pr\u00e1cticas Acu\u00e1ticas II<br><img decoding=\"async\" loading=\"lazy\" width=\"11\" height=\"11\" src=\"https:\/\/www.magnificat.edu.ar\/nivel-superior\/flecha-chica.gif\">&nbsp;Juego Motor<br><img decoding=\"async\" loading=\"lazy\" width=\"11\" height=\"11\" src=\"https:\/\/www.magnificat.edu.ar\/nivel-superior\/flecha-chica.gif\">&nbsp;Deporte Colectivo I &#8211; F\u00fatbol<br><img decoding=\"async\" loading=\"lazy\" width=\"11\" height=\"11\" src=\"https:\/\/www.magnificat.edu.ar\/nivel-superior\/flecha-chica.gif\">&nbsp;Did\u00e1ctica I de los Deportes Colectivos<br><img decoding=\"async\" loading=\"lazy\" width=\"11\" height=\"11\" src=\"https:\/\/www.magnificat.edu.ar\/nivel-superior\/flecha-chica.gif\">&nbsp;Deporte Colectivo II &#8211; Handbol<br><img decoding=\"async\" loading=\"lazy\" width=\"11\" height=\"11\" src=\"https:\/\/www.magnificat.edu.ar\/nivel-superior\/flecha-chica.gif\">&nbsp;Nutrici\u00f3n y Deporte<\/p>\n\n\n\n<p class=\"has-small-font-size\"><span class=\"texto-destacado\"><strong>Tercer A\u00f1o:<\/strong><br><\/span><img decoding=\"async\" loading=\"lazy\" width=\"11\" height=\"11\" src=\"https:\/\/www.magnificat.edu.ar\/nivel-superior\/flecha-chica.gif\">&nbsp;Filosof\u00eda y Educaci\u00f3n<br><img decoding=\"async\" loading=\"lazy\" width=\"11\" height=\"11\" src=\"https:\/\/www.magnificat.edu.ar\/nivel-superior\/flecha-chica.gif\">&nbsp;Pr\u00e1ctica Docente III y Residencia: Recrear las Pr\u00e1cticas de Educ. F\u00edsica<br><img decoding=\"async\" loading=\"lazy\" width=\"11\" height=\"11\" src=\"https:\/\/www.magnificat.edu.ar\/nivel-superior\/flecha-chica.gif\">&nbsp;Sujetos de la Educaci\u00f3n<br><img decoding=\"async\" loading=\"lazy\" width=\"11\" height=\"11\" src=\"https:\/\/www.magnificat.edu.ar\/nivel-superior\/flecha-chica.gif\">&nbsp;Historia de la Educaci\u00f3n F\u00edsica<br><img decoding=\"async\" loading=\"lazy\" width=\"11\" height=\"11\" src=\"https:\/\/www.magnificat.edu.ar\/nivel-superior\/flecha-chica.gif\">&nbsp;Educaci\u00f3n F\u00edsica en la Educaci\u00f3n Especial<br><img decoding=\"async\" loading=\"lazy\" width=\"11\" height=\"11\" src=\"https:\/\/www.magnificat.edu.ar\/nivel-superior\/flecha-chica.gif\">&nbsp;Vida en la Naturaleza II<br><img decoding=\"async\" loading=\"lazy\" width=\"11\" height=\"11\" src=\"https:\/\/www.magnificat.edu.ar\/nivel-superior\/flecha-chica.gif\">&nbsp;Gimnasia III<br><img decoding=\"async\" loading=\"lazy\" width=\"11\" height=\"11\" src=\"https:\/\/www.magnificat.edu.ar\/nivel-superior\/flecha-chica.gif\">&nbsp;Movimiento Expresivo I<br><img decoding=\"async\" loading=\"lazy\" width=\"11\" height=\"11\" src=\"https:\/\/www.magnificat.edu.ar\/nivel-superior\/flecha-chica.gif\">&nbsp;Deporte Colectivo III &#8211; B\u00e1squetbol<br><img decoding=\"async\" loading=\"lazy\" width=\"11\" height=\"11\" src=\"https:\/\/www.magnificat.edu.ar\/nivel-superior\/flecha-chica.gif\">&nbsp;Did\u00e1ctica II de los deportes Colectivos<br><img decoding=\"async\" loading=\"lazy\" width=\"11\" height=\"11\" src=\"https:\/\/www.magnificat.edu.ar\/nivel-superior\/flecha-chica.gif\">&nbsp;Deporte Colectivo IV &#8211; Voleibol<\/p>\n\n\n\n<p class=\"has-small-font-size\"><span class=\"texto-destacado\"><strong>Cuarto A\u00f1o:<\/strong><\/span><br><img decoding=\"async\" loading=\"lazy\" width=\"11\" height=\"11\" src=\"https:\/\/www.magnificat.edu.ar\/nivel-superior\/flecha-chica.gif\">&nbsp;\u00c9tica y Construcci\u00f3n de Ciudadan\u00eda<br><img decoding=\"async\" loading=\"lazy\" width=\"11\" height=\"11\" src=\"https:\/\/www.magnificat.edu.ar\/nivel-superior\/flecha-chica.gif\">&nbsp;Pr\u00e1ctica Docente IV y residencia: Recrear las Pr\u00e1cticas de Educ. F\u00edsica<br><img decoding=\"async\" loading=\"lazy\" width=\"11\" height=\"11\" src=\"https:\/\/www.magnificat.edu.ar\/nivel-superior\/flecha-chica.gif\">&nbsp;Gesti\u00f3n de Proyectos<br><img decoding=\"async\" loading=\"lazy\" width=\"11\" height=\"11\" src=\"https:\/\/www.magnificat.edu.ar\/nivel-superior\/flecha-chica.gif\">&nbsp;Epistemolog\u00eda e Investigaci\u00f3n en la Educaci\u00f3n F\u00edsica<br><img decoding=\"async\" loading=\"lazy\" width=\"11\" height=\"11\" src=\"https:\/\/www.magnificat.edu.ar\/nivel-superior\/flecha-chica.gif\">&nbsp;Educaci\u00f3n F\u00edsica Adaptada<br><img decoding=\"async\" loading=\"lazy\" width=\"11\" height=\"11\" src=\"https:\/\/www.magnificat.edu.ar\/nivel-superior\/flecha-chica.gif\">&nbsp;Movimiento Expresivo II<br><img decoding=\"async\" loading=\"lazy\" width=\"11\" height=\"11\" src=\"https:\/\/www.magnificat.edu.ar\/nivel-superior\/flecha-chica.gif\">&nbsp;Deporte Colectivo V &#8211; Softbol<br><img decoding=\"async\" loading=\"lazy\" width=\"11\" height=\"11\" src=\"https:\/\/www.magnificat.edu.ar\/nivel-superior\/flecha-chica.gif\">&nbsp;Deporte Colectivo VI &#8211; Rugby<br><img decoding=\"async\" loading=\"lazy\" width=\"11\" height=\"11\" src=\"https:\/\/www.magnificat.edu.ar\/nivel-superior\/flecha-chica.gif\">&nbsp;Deporte Colectivo VIII &#8211; Hockey<br><img decoding=\"async\" loading=\"lazy\" width=\"11\" height=\"11\" src=\"https:\/\/www.magnificat.edu.ar\/nivel-superior\/flecha-chica.gif\">&nbsp;<span style=\"font-size: small;\">Educaci\u00f3n Sexual Integral<\/span><\/p>\n\n\n\n<h4 class=\"wp-block-heading has-medium-font-size\">Perfil del egresado<\/h4>\n\n\n\n<h6 class=\"wp-block-heading has-small-font-size\">&#8211; El egresado tendr\u00e1 una s\u00f3lida formaci\u00f3n humana, y pr\u00e1ctica que permitir\u00e1 adecuar su ejercicio pedag\u00f3gico a las aptitudes y diferencias individuales, con ajustes a los requerimientos de la sociedad de nuestro tiempo.<\/h6>\n\n\n\n<h6 class=\"wp-block-heading has-small-font-size\">&#8211; Tendr\u00e1 el conocimiento acad\u00e9mico necesario que le permitir\u00e1 conducir el proceso de ense\u00f1anza y aprendizaje desde el movimiento humano.<\/h6>\n\n\n\n<h6 class=\"wp-block-heading has-small-font-size\">&#8211; Estar\u00e1 capacitado para reflexionar sobre cuestiones pedag\u00f3gicas en el desarrollo de los aprendizajes de las conductas motoras, analizando cada uno de los elementos que intervienen en la aplicaci\u00f3n.<\/h6>\n\n\n\n<h1 class=\"wp-block-heading has-accent-color has-text-color\">PROFESORADO DE INGL\u00c9S<\/h1>\n\n\n\n<p class=\"has-small-font-size\">Lograr que el futuro docente conozca los medios necesarios para su eficaz desempe\u00f1o como docente en la ingl\u00e9s, sobre la base de principios \u00e9ticos-sociales.<\/p>\n\n\n\n<h4 class=\"wp-block-heading has-medium-font-size\">Plan de Estudio<\/h4>\n\n\n\n<p><span class=\"texto-destacado\"><strong>Primer A\u00f1o:<\/strong><\/span><br><img decoding=\"async\" loading=\"lazy\" width=\"11\" height=\"11\" src=\"https:\/\/www.magnificat.edu.ar\/nivel-superior\/flecha-chica.gif\"><span style=\"font-size: small;\">&nbsp;Pedagog\u00eda<br><\/span><img decoding=\"async\" loading=\"lazy\" width=\"11\" height=\"11\" src=\"https:\/\/www.magnificat.edu.ar\/nivel-superior\/flecha-chica.gif\"><span style=\"font-size: small;\">&nbsp;Problem\u00e1ticas Socioantropol\u00f3gicas en Educaci\u00f3n<br><\/span><img decoding=\"async\" loading=\"lazy\" width=\"11\" height=\"11\" src=\"https:\/\/www.magnificat.edu.ar\/nivel-superior\/flecha-chica.gif\"><span style=\"font-size: small;\">&nbsp;Psicolog\u00eda y Educaci\u00f3n<br><\/span><img decoding=\"async\" loading=\"lazy\" width=\"11\" height=\"11\" src=\"https:\/\/www.magnificat.edu.ar\/nivel-superior\/flecha-chica.gif\"><span style=\"font-size: small;\">&nbsp;Pr\u00e1ctica Docente I<br><\/span><img decoding=\"async\" loading=\"lazy\" width=\"11\" height=\"11\" src=\"https:\/\/www.magnificat.edu.ar\/nivel-superior\/flecha-chica.gif\"><span style=\"font-size: small;\">&nbsp;Pr\u00e1cticas Discursivas en Ingl\u00e9s I<br><\/span><img decoding=\"async\" loading=\"lazy\" width=\"11\" height=\"11\" src=\"https:\/\/www.magnificat.edu.ar\/nivel-superior\/flecha-chica.gif\"><span style=\"font-size: small;\">&nbsp;Fon\u00e9tica y Fonolog\u00eda Inglesa I<br><\/span><img decoding=\"async\" loading=\"lazy\" width=\"11\" height=\"11\" src=\"https:\/\/www.magnificat.edu.ar\/nivel-superior\/flecha-chica.gif\"><span style=\"font-size: small;\">&nbsp;Gram\u00e1tica Inglesa I<br><\/span><img decoding=\"async\" loading=\"lazy\" width=\"11\" height=\"11\" src=\"https:\/\/www.magnificat.edu.ar\/nivel-superior\/flecha-chica.gif\"><span style=\"font-size: small;\">&nbsp;Estudios Socioculturales y Literarios de Pueblos de Habla Inglesa I<\/span><\/p>\n\n\n\n<p><span class=\"texto-destacado\"><strong>Segundo<\/strong> <strong>A\u00f1o<\/strong>:<br><\/span><img decoding=\"async\" loading=\"lazy\" width=\"11\" height=\"11\" src=\"https:\/\/www.magnificat.edu.ar\/nivel-superior\/flecha-chica.gif\">&nbsp;<span style=\"font-size: small;\">Historia y Pol\u00edtica de la Educaci\u00f3n Argentina<br><\/span><img decoding=\"async\" loading=\"lazy\" width=\"11\" height=\"11\" src=\"https:\/\/www.magnificat.edu.ar\/nivel-superior\/flecha-chica.gif\">&nbsp;<span style=\"font-size: small;\">Did\u00e1ctica General<br><\/span><img decoding=\"async\" loading=\"lazy\" width=\"11\" height=\"11\" src=\"https:\/\/www.magnificat.edu.ar\/nivel-superior\/flecha-chica.gif\">&nbsp;<span style=\"font-size: small;\">Pr\u00e1ctica Docente II<br><\/span><img decoding=\"async\" loading=\"lazy\" width=\"11\" height=\"11\" src=\"https:\/\/www.magnificat.edu.ar\/nivel-superior\/flecha-chica.gif\">&nbsp;<span style=\"font-size: small;\">Pr\u00e1cticas Discursivas en Ingl\u00e9s II<br><\/span><img decoding=\"async\" loading=\"lazy\" width=\"11\" height=\"11\" src=\"https:\/\/www.magnificat.edu.ar\/nivel-superior\/flecha-chica.gif\">&nbsp;<span style=\"font-size: small;\">Fon\u00e9tica y Fonolog\u00eda Inglesa II<br><\/span><img decoding=\"async\" loading=\"lazy\" width=\"11\" height=\"11\" src=\"https:\/\/www.magnificat.edu.ar\/nivel-superior\/flecha-chica.gif\">&nbsp;<span style=\"font-size: small;\">Gram\u00e1tica Inglesa II<br><\/span><img decoding=\"async\" loading=\"lazy\" width=\"11\" height=\"11\" src=\"https:\/\/www.magnificat.edu.ar\/nivel-superior\/flecha-chica.gif\">&nbsp;<span style=\"font-size: small;\">Estudios Socioculturales y Literarios de Pueblos de Habla Inglesa II<br><\/span><img decoding=\"async\" loading=\"lazy\" width=\"11\" height=\"11\" src=\"https:\/\/www.magnificat.edu.ar\/nivel-superior\/flecha-chica.gif\">&nbsp;<span style=\"font-size: small;\">Problem\u00e1ticas de la Adquisici\u00f3n de una Segunda Lengua<br><\/span><img decoding=\"async\" loading=\"lazy\" width=\"11\" height=\"11\" src=\"https:\/\/www.magnificat.edu.ar\/nivel-superior\/flecha-chica.gif\">&nbsp;<span style=\"font-size: small;\">Sujetos de la Educaci\u00f3n<\/span><\/p>\n\n\n\n<p><span class=\"texto-destacado\"><strong>Tercer A\u00f1o:<\/strong><br><\/span><img decoding=\"async\" loading=\"lazy\" width=\"11\" height=\"11\" src=\"https:\/\/www.magnificat.edu.ar\/nivel-superior\/flecha-chica.gif\"><span style=\"font-size: small;\">&nbsp;Filosof\u00eda y Educaci\u00f3n<br><\/span><img decoding=\"async\" loading=\"lazy\" width=\"11\" height=\"11\" src=\"https:\/\/www.magnificat.edu.ar\/nivel-superior\/flecha-chica.gif\"><span style=\"font-size: small;\">&nbsp;Pr\u00e1ctica Docente III<br><\/span><img decoding=\"async\" loading=\"lazy\" width=\"11\" height=\"11\" src=\"https:\/\/www.magnificat.edu.ar\/nivel-superior\/flecha-chica.gif\"><span style=\"font-size: small;\">&nbsp;Pr\u00e1cticas Discursivas en Ingl\u00e9s III<br><\/span><img decoding=\"async\" loading=\"lazy\" width=\"11\" height=\"11\" src=\"https:\/\/www.magnificat.edu.ar\/nivel-superior\/flecha-chica.gif\"><span style=\"font-size: small;\">&nbsp;Fon\u00e9tica y Fonolog\u00eda Inglesa III<br><\/span><img decoding=\"async\" loading=\"lazy\" width=\"11\" height=\"11\" src=\"https:\/\/www.magnificat.edu.ar\/nivel-superior\/flecha-chica.gif\"><span style=\"font-size: small;\">&nbsp;Gram\u00e1tica Inglesa III<br><\/span><img decoding=\"async\" loading=\"lazy\" width=\"11\" height=\"11\" src=\"https:\/\/www.magnificat.edu.ar\/nivel-superior\/flecha-chica.gif\"><span style=\"font-size: small;\">&nbsp;Estudios Socioculturales y Literarios de Pueblos de Habla Inglesa III<br><\/span><img decoding=\"async\" loading=\"lazy\" width=\"11\" height=\"11\" src=\"https:\/\/www.magnificat.edu.ar\/nivel-superior\/flecha-chica.gif\"><span style=\"font-size: small;\">&nbsp;Ling\u00fc\u00edstica I<br><\/span><img decoding=\"async\" loading=\"lazy\" width=\"11\" height=\"11\" src=\"https:\/\/www.magnificat.edu.ar\/nivel-superior\/flecha-chica.gif\"><span style=\"font-size: small;\">&nbsp;Did\u00e1ctica del Ingl\u00e9s I<\/span><\/p>\n\n\n\n<p><span class=\"texto-destacado\"><strong>Cuarto A\u00f1o<\/strong>:<\/span><br><img decoding=\"async\" loading=\"lazy\" width=\"11\" height=\"11\" src=\"https:\/\/www.magnificat.edu.ar\/nivel-superior\/flecha-chica.gif\">&nbsp;<span style=\"font-size: small;\">\u00c9tica y Construcci\u00f3n de Ciudadan\u00eda<br><\/span><img decoding=\"async\" loading=\"lazy\" width=\"11\" height=\"11\" src=\"https:\/\/www.magnificat.edu.ar\/nivel-superior\/flecha-chica.gif\"><span style=\"font-size: small;\">&nbsp;Pr\u00e1ctica Docente IV<br><\/span><img decoding=\"async\" loading=\"lazy\" width=\"11\" height=\"11\" src=\"https:\/\/www.magnificat.edu.ar\/nivel-superior\/flecha-chica.gif\"><span style=\"font-size: small;\">&nbsp;Pr\u00e1cticas Discursivas en Ingl\u00e9s IV<br><\/span><img decoding=\"async\" loading=\"lazy\" width=\"11\" height=\"11\" src=\"https:\/\/www.magnificat.edu.ar\/nivel-superior\/flecha-chica.gif\"><span style=\"font-size: small;\">&nbsp;Ling\u00fc\u00edstica II<br><\/span><img decoding=\"async\" loading=\"lazy\" width=\"11\" height=\"11\" src=\"https:\/\/www.magnificat.edu.ar\/nivel-superior\/flecha-chica.gif\"><span style=\"font-size: small;\">&nbsp;Did\u00e1ctica del Ingl\u00e9s II<br><\/span><img decoding=\"async\" loading=\"lazy\" width=\"11\" height=\"11\" src=\"https:\/\/www.magnificat.edu.ar\/nivel-superior\/flecha-chica.gif\"><span style=\"font-size: small;\">&nbsp;Literatura de Pueblos de Habla Inglesa<br><\/span><img decoding=\"async\" loading=\"lazy\" width=\"11\" height=\"11\" src=\"https:\/\/www.magnificat.edu.ar\/nivel-superior\/flecha-chica.gif\"><span style=\"font-size: small;\">&nbsp;Educaci\u00f3n Sexual Integral<br><\/span><img decoding=\"async\" loading=\"lazy\" width=\"11\" height=\"11\" src=\"https:\/\/www.magnificat.edu.ar\/nivel-superior\/flecha-chica.gif\"><span style=\"font-size: small;\">&nbsp;Doctrina Social de la Iglesia (UDI)<\/span><\/p>\n\n\n\n<h4 class=\"wp-block-heading has-medium-font-size\">Perfil del Egresado<\/h4>\n\n\n\n<h6 class=\"wp-block-heading has-small-font-size\"><span style=\"font-size: small;\">&#8211; Se forman &nbsp;profesionales capaces de ense\u00f1ar, generar y transmitir los conocimientos y valores necesarios para la formaci\u00f3n integral de las personas, el desarrollo nacional y la construcci\u00f3n de una sociedad m\u00e1s justa. Adquirir\u00e1n herramientas conceptuales y pr\u00e1cticas que posibiliten tomar decisiones, orientar y evaluar procesos en la ense\u00f1anza del Ingl\u00e9s, atendiendo a las singularidades de la Educaci\u00f3n Inicial, Primaria y Secundaria y a la diversidad de contextos.<\/span><\/h6>\n\n\n\n<h6 class=\"wp-block-heading has-small-font-size\"><span style=\"font-size: small;\">&#8211; Y ser\u00e1n capaces de<\/span><span style=\"font-family: Arial;\">&nbsp;<\/span><span style=\"font-size: small;\">promover la interculturalidad como una herramienta de conocimiento y aceptaci\u00f3n de la alteridad, interpelando visiones naturalizadas de la lengua-cultura propia y la lengua-cultura extranjera.<\/span><\/h6>\n\n\n\n<h1 class=\"wp-block-heading has-accent-color has-text-color has-large-font-size\">TECNICATURA SUPERIOR EN ENFERMER\u00cdA<\/h1>\n\n\n\n<p class=\"has-small-font-size\">Lograr:<\/p>\n\n\n\n<p class=\"has-small-font-size\">Formar profesionales de la salud capaces de desempe\u00f1arse en instituciones p\u00fablicas y privadas.<\/p>\n\n\n\n<p class=\"has-small-font-size\">Dise\u00f1ar propuestas de formaci\u00f3n que permitan la profesionalizaci\u00f3n de personal emp\u00edrico.<\/p>\n\n\n\n<p class=\"has-small-font-size\">Colaborar en el desarrollo profesional del personal de salud de la localidad y la regi\u00f3n.<\/p>\n\n\n\n<h4 class=\"wp-block-heading has-medium-font-size\">Plan de Estudio<\/h4>\n\n\n\n<p class=\"has-small-font-size\"><strong>Primer A\u00f1o:<\/strong><br><img decoding=\"async\" loading=\"lazy\" src=\"https:\/\/www.magnificat.edu.ar\/nivel-superior\/flecha-chica.gif\" width=\"11\" height=\"11\">&nbsp;Pr\u00e1ctica Profesionalizante I<br><img decoding=\"async\" loading=\"lazy\" src=\"https:\/\/www.magnificat.edu.ar\/nivel-superior\/flecha-chica.gif\" width=\"11\" height=\"11\">&nbsp;Enfermer\u00eda en la Comunidad<br><img decoding=\"async\" loading=\"lazy\" src=\"https:\/\/www.magnificat.edu.ar\/nivel-superior\/flecha-chica.gif\" width=\"11\" height=\"11\">&nbsp;Salud P\u00fablica y Epidemiolog\u00eda<br><img decoding=\"async\" loading=\"lazy\" src=\"https:\/\/www.magnificat.edu.ar\/nivel-superior\/flecha-chica.gif\" width=\"11\" height=\"11\">&nbsp;Morfofisiolog\u00eda Humana<br><img decoding=\"async\" loading=\"lazy\" src=\"https:\/\/www.magnificat.edu.ar\/nivel-superior\/flecha-chica.gif\" width=\"11\" height=\"11\">&nbsp;Ingl\u00e9s T\u00e9cnico I<br><img decoding=\"async\" loading=\"lazy\" src=\"https:\/\/www.magnificat.edu.ar\/nivel-superior\/flecha-chica.gif\" width=\"11\" height=\"11\">&nbsp;Tecnolog\u00eda de la Informaci\u00f3n y la Comunicaci\u00f3n&nbsp;<\/p>\n\n\n\n<p class=\"has-small-font-size\"><strong>Segundo A\u00f1o:<br><\/strong><img decoding=\"async\" loading=\"lazy\" width=\"11\" height=\"11\" src=\"https:\/\/www.magnificat.edu.ar\/nivel-superior\/flecha-chica.gif\">&nbsp;Pr\u00e1ctica Profesionalizante II<br><img decoding=\"async\" loading=\"lazy\" width=\"11\" height=\"11\" src=\"https:\/\/www.magnificat.edu.ar\/nivel-superior\/flecha-chica.gif\">&nbsp;Enfermer\u00eda Materno- Infantil y del Adolescente<br><img decoding=\"async\" loading=\"lazy\" width=\"11\" height=\"11\" src=\"https:\/\/www.magnificat.edu.ar\/nivel-superior\/flecha-chica.gif\">&nbsp;Nutrici\u00f3n Humana<br><img decoding=\"async\" loading=\"lazy\" width=\"11\" height=\"11\" src=\"https:\/\/www.magnificat.edu.ar\/nivel-superior\/flecha-chica.gif\">&nbsp;Ingl\u00e9s T\u00e9cnico II<br><img decoding=\"async\" loading=\"lazy\" width=\"11\" height=\"11\" src=\"https:\/\/www.magnificat.edu.ar\/nivel-superior\/flecha-chica.gif\">&nbsp;Antropolog\u00eda Social y Cultural<\/p>\n\n\n\n<p class=\"has-small-font-size\"><strong>Tercer A\u00f1o:<br><\/strong><img decoding=\"async\" loading=\"lazy\" width=\"11\" height=\"11\" src=\"https:\/\/www.magnificat.edu.ar\/nivel-superior\/flecha-chica.gif\">&nbsp;Pr\u00e1ctica Profesionalizante III<br><img decoding=\"async\" loading=\"lazy\" width=\"11\" height=\"11\" src=\"https:\/\/www.magnificat.edu.ar\/nivel-superior\/flecha-chica.gif\">&nbsp;Investigaci\u00f3n y Bioestad\u00edstica en Enfermer\u00eda<br><img decoding=\"async\" loading=\"lazy\" width=\"11\" height=\"11\" src=\"https:\/\/www.magnificat.edu.ar\/nivel-superior\/flecha-chica.gif\">&nbsp;Organizaci\u00f3n y Gesti\u00f3n en Salud<br><img decoding=\"async\" loading=\"lazy\" width=\"11\" height=\"11\" src=\"https:\/\/www.magnificat.edu.ar\/nivel-superior\/flecha-chica.gif\">&nbsp;Enfermer\u00eda del Adulto y el Anciano<br><img decoding=\"async\" loading=\"lazy\" width=\"11\" height=\"11\" src=\"https:\/\/www.magnificat.edu.ar\/nivel-superior\/flecha-chica.gif\">&nbsp;Enfermer\u00eda en Salud Mental<\/p>\n\n\n\n<h4 class=\"wp-block-heading has-medium-font-size\">Perfil del Egresado<\/h4>\n\n\n\n<h6 class=\"wp-block-heading has-small-font-size\">&#8211; La Tecnicatura Superior en Enfermer\u00eda prepara profesionales enfermeros capaces de insertarse en instituciones de salud, p\u00fablicas o privadas, con capacidad de atender las necesidades de pacientes, familiares y resto del personal, trabajando en equipo y con la convicci\u00f3n de que la prevenci\u00f3n y la acci\u00f3n del enfermero puede modificar el proceso de salud \u2013enfermedad a favor de la comunidad.<\/h6>\n","protected":false},"excerpt":{"rendered":"<p>PROFESORADO DE EDUCACI\u00d3N F\u00cdSICA Lograr que el futuro docente conozca los medios necesarios para su eficaz desempe\u00f1o como docente en la educaci\u00f3n fisica. Plan de estudio Primer A\u00f1o:&nbsp;Pedagog\u00eda&nbsp;Problem\u00e1ticas Sociantropol\u00f3gicas en Educaci\u00f3n&nbsp;Psicolog\u00eda y Educaci\u00f3n&nbsp;Pr\u00e1ctica Docente I \u201cContextos y Pr\u00e1cticas Educativas\u201d&nbsp;Fundamentos Biol\u00f3gicos del Movimiento Humano I&nbsp;Juego y Recreaci\u00f3n&nbsp;Gimnasia I&nbsp;Atletismo&nbsp;Pr\u00e1cticas Acu\u00e1ticas ISegundo A\u00f1o:&nbsp;Did\u00e1ctica General&nbsp;Pr\u00e1c. Docente II: Las Pr\u00e1cticas &#8230; <a title=\"Carreras\" class=\"read-more\" href=\"https:\/\/ijmesuperior-cba.infd.edu.ar\/sitio\/catalogo\/plan-de-estudio\/\" aria-label=\"M\u00e1s en Carreras\">[+]<\/a><\/p>\n","protected":false},"author":6,"featured_media":0,"parent":644,"menu_order":0,"comment_status":"closed","ping_status":"closed","template":"","meta":[],"_links":{"self":[{"href":"https:\/\/ijmesuperior-cba.infd.edu.ar\/sitio\/wp-json\/wp\/v2\/pages\/734"}],"collection":[{"href":"https:\/\/ijmesuperior-cba.infd.edu.ar\/sitio\/wp-json\/wp\/v2\/pages"}],"about":[{"href":"https:\/\/ijmesuperior-cba.infd.edu.ar\/sitio\/wp-json\/wp\/v2\/types\/page"}],"author":[{"embeddable":true,"href":"https:\/\/ijmesuperior-cba.infd.edu.ar\/sitio\/wp-json\/wp\/v2\/users\/6"}],"replies":[{"embeddable":true,"href":"https:\/\/ijmesuperior-cba.infd.edu.ar\/sitio\/wp-json\/wp\/v2\/comments?post=734"}],"version-history":[{"count":21,"href":"https:\/\/ijmesuperior-cba.infd.edu.ar\/sitio\/wp-json\/wp\/v2\/pages\/734\/revisions"}],"predecessor-version":[{"id":1001,"href":"https:\/\/ijmesuperior-cba.infd.edu.ar\/sitio\/wp-json\/wp\/v2\/pages\/734\/revisions\/1001"}],"up":[{"embeddable":true,"href":"https:\/\/ijmesuperior-cba.infd.edu.ar\/sitio\/wp-json\/wp\/v2\/pages\/644"}],"wp:attachment":[{"href":"https:\/\/ijmesuperior-cba.infd.edu.ar\/sitio\/wp-json\/wp\/v2\/media?parent=734"}],"curies":[{"name":"wp","href":"https:\/\/api.w.org\/{rel}","templated":true}]}}