{"id":730,"date":"2018-07-26T10:40:07","date_gmt":"2018-07-26T13:40:07","guid":{"rendered":"https:\/\/ijmesuperior-cba.infd.edu.ar\/sitio\/?page_id=730"},"modified":"2026-03-31T15:28:07","modified_gmt":"2026-03-31T18:28:07","slug":"ingresantes","status":"publish","type":"page","link":"https:\/\/ijmesuperior-cba.infd.edu.ar\/sitio\/estudiantes\/ingresantes\/","title":{"rendered":"Documentaci\u00f3n para Ingresantes"},"content":{"rendered":"\n<h4 class=\"wp-block-heading\">Documentaci\u00f3n a presentar de manera virtual<\/h4>\n\n\n\n<ul>\n<li>D.N.I<\/li>\n\n\n\n<li>Constancia de t\u00edtulo en tr\u00e1mite o anal\u00edtico final<\/li>\n\n\n\n<li>Solicitud de Matr\u00edcula<\/li>\n\n\n\n<li>Contrato<\/li>\n\n\n\n<li><a rel=\"noreferrer noopener\" href=\"https:\/\/disweb.cba.gov.ar\/\" data-type=\"URL\" data-id=\"https:\/\/disweb.cba.gov.ar\/\" target=\"_blank\">Registro provincial de personas condenadas por delitos contra la integridad sexual (Certif. Art 28 ley 9680)<\/a><\/li>\n\n\n\n<li><a href=\"https:\/\/www.argentina.gob.ar\/justicia\/reincidencia\/antecedentespenales\" data-type=\"URL\" data-id=\"https:\/\/www.argentina.gob.ar\/justicia\/reincidencia\/antecedentespenales\" target=\"_blank\" rel=\"noreferrer noopener\">Registro provincial de antecedentes penales<\/a>.<\/li>\n\n\n\n<li>Certificado \u00fanico de salud<\/li>\n\n\n\n<li>Carnet de vacunaci\u00f3n (S\u00f3lo para estudiantes de la Tec. Sup. en Enfermer\u00eda)<\/li>\n<\/ul>\n\n\n\n<p>Enviar foto o imagen scaneada de cada documento por mail a: <strong>ijmesuperior@gmail.com<\/strong> y en el ASUNTO del mail colocar: \u201cApellido_DNI_Ingresantes 2026\u201d (Ej: Perez_xx.xxx.xxx_Ingresante2026)<\/p>\n\n\n\n<p><strong>Contrato<\/strong><\/p>\n\n\n\n<div class=\"wp-block-file\"><object class=\"wp-block-file__embed\" data=\"https:\/\/ijmesuperior-cba.infd.edu.ar\/sitio\/wp-content\/uploads\/2026\/03\/CONTRATO-NIVEL-SUPERIOR.pdf\" type=\"application\/pdf\" style=\"width:100%;height:600px\" aria-label=\"Incrustado de CONTRATO-NIVEL-SUPERIOR.\"><\/object><a id=\"wp-block-file--media-9f0f56a2-1395-4d6e-aeb3-3272ae9fb9d3\" href=\"https:\/\/ijmesuperior-cba.infd.edu.ar\/sitio\/wp-content\/uploads\/2026\/03\/CONTRATO-NIVEL-SUPERIOR.pdf\">CONTRATO-NIVEL-SUPERIOR<\/a><a href=\"https:\/\/ijmesuperior-cba.infd.edu.ar\/sitio\/wp-content\/uploads\/2026\/03\/CONTRATO-NIVEL-SUPERIOR.pdf\" class=\"wp-block-file__button wp-element-button\" download aria-describedby=\"wp-block-file--media-9f0f56a2-1395-4d6e-aeb3-3272ae9fb9d3\">Descarga<\/a><\/div>\n\n\n\n<p><strong>Solicitud de Matr\u00edcula<\/strong><\/p>\n\n\n\n<div class=\"wp-block-file\"><object class=\"wp-block-file__embed\" data=\"https:\/\/ijmesuperior-cba.infd.edu.ar\/sitio\/wp-content\/uploads\/2026\/03\/MATRICULA-DE-INSCRIPCION-NIVEL-SUPERIOR.pdf\" type=\"application\/pdf\" style=\"width:100%;height:600px\" aria-label=\"Incrustado de MATRICULA-DE-INSCRIPCION-NIVEL-SUPERIOR.\"><\/object><a id=\"wp-block-file--media-a6583e03-d3bb-4976-862a-7db681c60e13\" href=\"https:\/\/ijmesuperior-cba.infd.edu.ar\/sitio\/wp-content\/uploads\/2026\/03\/MATRICULA-DE-INSCRIPCION-NIVEL-SUPERIOR.pdf\">MATRICULA-DE-INSCRIPCION-NIVEL-SUPERIOR<\/a><a href=\"https:\/\/ijmesuperior-cba.infd.edu.ar\/sitio\/wp-content\/uploads\/2026\/03\/MATRICULA-DE-INSCRIPCION-NIVEL-SUPERIOR.pdf\" class=\"wp-block-file__button wp-element-button\" download aria-describedby=\"wp-block-file--media-a6583e03-d3bb-4976-862a-7db681c60e13\">Descarga<\/a><\/div>\n\n\n\n<p><strong>Certificado de salud del Profesorado de Educaci\u00f3n F\u00edsica<\/strong><\/p>\n\n\n\n<div class=\"wp-block-file\"><object class=\"wp-block-file__embed\" data=\"https:\/\/ijmesuperior-cba.infd.edu.ar\/sitio\/wp-content\/uploads\/2026\/03\/CUS-EDUC-FISICA-NIVEL-SUPERIOR-2026.pdf\" type=\"application\/pdf\" style=\"width:100%;height:480px\" aria-label=\"Incrustado de CUS-EDUC-FISICA-NIVEL-SUPERIOR-2026.\"><\/object><a id=\"wp-block-file--media-c0374e5b-c101-4fe4-b701-04137f0fe7fc\" href=\"https:\/\/ijmesuperior-cba.infd.edu.ar\/sitio\/wp-content\/uploads\/2026\/03\/CUS-EDUC-FISICA-NIVEL-SUPERIOR-2026.pdf\">CUS-EDUC-FISICA-NIVEL-SUPERIOR-2026<\/a><a href=\"https:\/\/ijmesuperior-cba.infd.edu.ar\/sitio\/wp-content\/uploads\/2026\/03\/CUS-EDUC-FISICA-NIVEL-SUPERIOR-2026.pdf\" class=\"wp-block-file__button wp-element-button\" download aria-describedby=\"wp-block-file--media-c0374e5b-c101-4fe4-b701-04137f0fe7fc\">Descarga<\/a><\/div>\n\n\n\n<p><strong>Certificado de salud del Profesorado de Ingl\u00e9s<\/strong><\/p>\n\n\n\n<div class=\"wp-block-file\"><object class=\"wp-block-file__embed\" data=\"https:\/\/ijmesuperior-cba.infd.edu.ar\/sitio\/wp-content\/uploads\/2026\/03\/CUS-INGLES-NIVEL-SUPERIOR-2026.pdf\" type=\"application\/pdf\" style=\"width:100%;height:600px\" aria-label=\"Incrustado de CUS-INGLES-NIVEL-SUPERIOR-2026.\"><\/object><a id=\"wp-block-file--media-4caf3d0c-d7c9-44d5-89af-939ed0906afe\" href=\"https:\/\/ijmesuperior-cba.infd.edu.ar\/sitio\/wp-content\/uploads\/2026\/03\/CUS-INGLES-NIVEL-SUPERIOR-2026.pdf\">CUS-INGLES-NIVEL-SUPERIOR-2026<\/a><a href=\"https:\/\/ijmesuperior-cba.infd.edu.ar\/sitio\/wp-content\/uploads\/2026\/03\/CUS-INGLES-NIVEL-SUPERIOR-2026.pdf\" class=\"wp-block-file__button wp-element-button\" download aria-describedby=\"wp-block-file--media-4caf3d0c-d7c9-44d5-89af-939ed0906afe\">Descarga<\/a><\/div>\n\n\n\n<p><strong>Certificado de salud de la Tecnicatura Superior en Enfermer\u00eda<\/strong><\/p>\n\n\n\n<div class=\"wp-block-file\"><object class=\"wp-block-file__embed\" data=\"https:\/\/ijmesuperior-cba.infd.edu.ar\/sitio\/wp-content\/uploads\/2026\/03\/CUS-ENFERMERIA-NIVEL-SUPERIOR-2026.pdf\" type=\"application\/pdf\" style=\"width:100%;height:600px\" aria-label=\"Incrustado de CUS-ENFERMERIA-NIVEL-SUPERIOR-2026.\"><\/object><a id=\"wp-block-file--media-a55d7484-88c3-4046-b9f3-f13bab114963\" href=\"https:\/\/ijmesuperior-cba.infd.edu.ar\/sitio\/wp-content\/uploads\/2026\/03\/CUS-ENFERMERIA-NIVEL-SUPERIOR-2026.pdf\">CUS-ENFERMERIA-NIVEL-SUPERIOR-2026<\/a><a href=\"https:\/\/ijmesuperior-cba.infd.edu.ar\/sitio\/wp-content\/uploads\/2026\/03\/CUS-ENFERMERIA-NIVEL-SUPERIOR-2026.pdf\" class=\"wp-block-file__button wp-element-button\" download aria-describedby=\"wp-block-file--media-a55d7484-88c3-4046-b9f3-f13bab114963\">Descarga<\/a><\/div>\n","protected":false},"excerpt":{"rendered":"<p>Documentaci\u00f3n a presentar de manera virtual Enviar foto o imagen scaneada de cada documento por mail a: ijmesuperior@gmail.com y en el ASUNTO del mail colocar: \u201cApellido_DNI_Ingresantes 2026\u201d (Ej: Perez_xx.xxx.xxx_Ingresante2026) Contrato Solicitud de Matr\u00edcula Certificado de salud del Profesorado de Educaci\u00f3n F\u00edsica Certificado de salud del Profesorado de Ingl\u00e9s Certificado de salud de la Tecnicatura Superior &#8230; <a title=\"Documentaci\u00f3n para Ingresantes\" class=\"read-more\" href=\"https:\/\/ijmesuperior-cba.infd.edu.ar\/sitio\/estudiantes\/ingresantes\/\" aria-label=\"M\u00e1s en Documentaci\u00f3n para Ingresantes\">[+]<\/a><\/p>\n","protected":false},"author":6,"featured_media":0,"parent":692,"menu_order":0,"comment_status":"closed","ping_status":"closed","template":"","meta":[],"_links":{"self":[{"href":"https:\/\/ijmesuperior-cba.infd.edu.ar\/sitio\/wp-json\/wp\/v2\/pages\/730"}],"collection":[{"href":"https:\/\/ijmesuperior-cba.infd.edu.ar\/sitio\/wp-json\/wp\/v2\/pages"}],"about":[{"href":"https:\/\/ijmesuperior-cba.infd.edu.ar\/sitio\/wp-json\/wp\/v2\/types\/page"}],"author":[{"embeddable":true,"href":"https:\/\/ijmesuperior-cba.infd.edu.ar\/sitio\/wp-json\/wp\/v2\/users\/6"}],"replies":[{"embeddable":true,"href":"https:\/\/ijmesuperior-cba.infd.edu.ar\/sitio\/wp-json\/wp\/v2\/comments?post=730"}],"version-history":[{"count":11,"href":"https:\/\/ijmesuperior-cba.infd.edu.ar\/sitio\/wp-json\/wp\/v2\/pages\/730\/revisions"}],"predecessor-version":[{"id":1035,"href":"https:\/\/ijmesuperior-cba.infd.edu.ar\/sitio\/wp-json\/wp\/v2\/pages\/730\/revisions\/1035"}],"up":[{"embeddable":true,"href":"https:\/\/ijmesuperior-cba.infd.edu.ar\/sitio\/wp-json\/wp\/v2\/pages\/692"}],"wp:attachment":[{"href":"https:\/\/ijmesuperior-cba.infd.edu.ar\/sitio\/wp-json\/wp\/v2\/media?parent=730"}],"curies":[{"name":"wp","href":"https:\/\/api.w.org\/{rel}","templated":true}]}}