{"id":727,"date":"2018-07-26T10:37:33","date_gmt":"2018-07-26T13:37:33","guid":{"rendered":"https:\/\/ijmesuperior-cba.infd.edu.ar\/sitio\/?page_id=727"},"modified":"2026-03-04T18:52:55","modified_gmt":"2026-03-04T21:52:55","slug":"fechas-importantes","status":"publish","type":"page","link":"https:\/\/ijmesuperior-cba.infd.edu.ar\/sitio\/estudiantes\/fechas-importantes\/","title":{"rendered":"Documentaci\u00f3n Acad\u00e9mica"},"content":{"rendered":"\n<p><strong>R\u00c9GIMEN ACAD\u00c9MICO MARCO (R.A.M.)<\/strong><\/p>\n\n\n\n<p>Le\u00e9 o descarg\u00e1 el documento desde aqu\u00ed<\/p>\n\n\n\n<div class=\"wp-block-file\"><object class=\"wp-block-file__embed\" data=\"https:\/\/ijmesuperior-cba.infd.edu.ar\/sitio\/wp-content\/uploads\/2026\/03\/RAM.pdf\" type=\"application\/pdf\" style=\"width:100%;height:600px\" aria-label=\"Incrustado de RAM.\"><\/object><a id=\"wp-block-file--media-ea632d05-46a8-4099-a9b3-f7c8ec9c3165\" href=\"https:\/\/ijmesuperior-cba.infd.edu.ar\/sitio\/wp-content\/uploads\/2026\/03\/RAM.pdf\">RAM<\/a><a href=\"https:\/\/ijmesuperior-cba.infd.edu.ar\/sitio\/wp-content\/uploads\/2026\/03\/RAM.pdf\" class=\"wp-block-file__button wp-element-button\" download aria-describedby=\"wp-block-file--media-ea632d05-46a8-4099-a9b3-f7c8ec9c3165\">Descarga<\/a><\/div>\n\n\n\n<p><strong>ACUERDO INSTITUCIONAL DE CONVIVENCIA (A.I.C.)<\/strong><\/p>\n\n\n\n<p>Le\u00e9 o descarg\u00e1 el documento desde aqu\u00ed<\/p>\n\n\n\n<div class=\"wp-block-file\"><object class=\"wp-block-file__embed\" data=\"https:\/\/ijmesuperior-cba.infd.edu.ar\/sitio\/wp-content\/uploads\/2026\/03\/AIC-Instituto-Jose-Manuel-Estrada-nov-2024-.pdf\" type=\"application\/pdf\" style=\"width:100%;height:600px\" aria-label=\"Incrustado de AIC-Instituto-Jose-Manuel-Estrada-nov-2024-.\"><\/object><a id=\"wp-block-file--media-11b79f0f-f51c-4c67-9c26-02f93bb673c7\" href=\"https:\/\/ijmesuperior-cba.infd.edu.ar\/sitio\/wp-content\/uploads\/2026\/03\/AIC-Instituto-Jose-Manuel-Estrada-nov-2024-.pdf\">AIC-Instituto-Jose-Manuel-Estrada-nov-2024-<\/a><a href=\"https:\/\/ijmesuperior-cba.infd.edu.ar\/sitio\/wp-content\/uploads\/2026\/03\/AIC-Instituto-Jose-Manuel-Estrada-nov-2024-.pdf\" class=\"wp-block-file__button wp-element-button\" download aria-describedby=\"wp-block-file--media-11b79f0f-f51c-4c67-9c26-02f93bb673c7\">Descarga<\/a><\/div>\n\n\n\n<p><strong>PLAN DE ESTUDIO Y PLAN DE CORRELATIVIDADES DE LA TECNICATURA SUPERIOR EN ENFERMER\u00cdA<\/strong><\/p>\n\n\n\n<p>Le\u00e9 o descarg\u00e1 el documento desde aqu\u00ed<\/p>\n\n\n\n<div class=\"wp-block-file\"><object class=\"wp-block-file__embed\" data=\"https:\/\/ijmesuperior-cba.infd.edu.ar\/sitio\/wp-content\/uploads\/2026\/03\/Plan-de-Estudio-y-Correlativas-Enfermeria_compressed.pdf\" type=\"application\/pdf\" style=\"width:100%;height:600px\" aria-label=\"Incrustado de Plan de Estudio y Correlativas Enfermeria_compressed.\"><\/object><a id=\"wp-block-file--media-d2fc9673-5774-4fe2-9a23-e64c88a2a4d8\" href=\"https:\/\/ijmesuperior-cba.infd.edu.ar\/sitio\/wp-content\/uploads\/2026\/03\/Plan-de-Estudio-y-Correlativas-Enfermeria_compressed.pdf\">Plan de Estudio y Correlativas Enfermeria_compressed<\/a><a href=\"https:\/\/ijmesuperior-cba.infd.edu.ar\/sitio\/wp-content\/uploads\/2026\/03\/Plan-de-Estudio-y-Correlativas-Enfermeria_compressed.pdf\" class=\"wp-block-file__button wp-element-button\" download aria-describedby=\"wp-block-file--media-d2fc9673-5774-4fe2-9a23-e64c88a2a4d8\">Descarga<\/a><\/div>\n\n\n\n<p><strong>PLAN DE ESTUDIO DEL PROFESORADO DE INGL\u00c9S<\/strong><\/p>\n\n\n\n<p>Le\u00e9 o descarg\u00e1 el documento desde aqu\u00ed<\/p>\n\n\n\n<div class=\"wp-block-file\"><object class=\"wp-block-file__embed\" data=\"https:\/\/ijmesuperior-cba.infd.edu.ar\/sitio\/wp-content\/uploads\/2026\/03\/plan-de-estudios-Prof-de-Ingles_compressed.pdf\" type=\"application\/pdf\" style=\"width:100%;height:600px\" aria-label=\"Incrustado de plan-de-estudios-Prof-de-Ingles_compressed.\"><\/object><a id=\"wp-block-file--media-4bfef881-5a3d-4b45-83db-013f1323be8d\" href=\"https:\/\/ijmesuperior-cba.infd.edu.ar\/sitio\/wp-content\/uploads\/2026\/03\/plan-de-estudios-Prof-de-Ingles_compressed.pdf\">plan-de-estudios-Prof-de-Ingles_compressed<\/a><a href=\"https:\/\/ijmesuperior-cba.infd.edu.ar\/sitio\/wp-content\/uploads\/2026\/03\/plan-de-estudios-Prof-de-Ingles_compressed.pdf\" class=\"wp-block-file__button wp-element-button\" download aria-describedby=\"wp-block-file--media-4bfef881-5a3d-4b45-83db-013f1323be8d\">Descarga<\/a><\/div>\n\n\n\n<p><strong>CORRELATIVIDADES DEL PLAN DE ESTUDIO DEL PROFESORADO DE INGL\u00c9S<\/strong><\/p>\n\n\n\n<p>Le\u00e9 o descarg\u00e1 el documento desde aqu\u00ed<\/p>\n\n\n\n<div class=\"wp-block-file\"><object class=\"wp-block-file__embed\" data=\"https:\/\/ijmesuperior-cba.infd.edu.ar\/sitio\/wp-content\/uploads\/2026\/03\/Correlatividades-de-Ingles.pdf\" type=\"application\/pdf\" style=\"width:100%;height:600px\" aria-label=\"Incrustado de Correlatividades-de-Ingles.\"><\/object><a id=\"wp-block-file--media-9c600c68-5e3c-4513-9f9d-ffa3dbf18d85\" href=\"https:\/\/ijmesuperior-cba.infd.edu.ar\/sitio\/wp-content\/uploads\/2026\/03\/Correlatividades-de-Ingles.pdf\">Correlatividades-de-Ingles<\/a><a href=\"https:\/\/ijmesuperior-cba.infd.edu.ar\/sitio\/wp-content\/uploads\/2026\/03\/Correlatividades-de-Ingles.pdf\" class=\"wp-block-file__button wp-element-button\" download aria-describedby=\"wp-block-file--media-9c600c68-5e3c-4513-9f9d-ffa3dbf18d85\">Descarga<\/a><\/div>\n\n\n\n<p><strong>PLAN DE ESTUDIO DEL PROFESORADO DE EDUCACI\u00d3N F\u00cdSICA<\/strong><\/p>\n\n\n\n<p>Le\u00e9 o descarg\u00e1 el documento desde aqu\u00ed<\/p>\n\n\n\n<div class=\"wp-block-file\"><object class=\"wp-block-file__embed\" data=\"https:\/\/ijmesuperior-cba.infd.edu.ar\/sitio\/wp-content\/uploads\/2026\/03\/plan-de-estudios-Educacion-Fisica_compressed.pdf\" type=\"application\/pdf\" style=\"width:100%;height:600px\" aria-label=\"Incrustado de plan-de-estudios-Educacion-Fisica_compressed.\"><\/object><a id=\"wp-block-file--media-f82fe235-1e39-4262-99ac-719b527be4d0\" href=\"https:\/\/ijmesuperior-cba.infd.edu.ar\/sitio\/wp-content\/uploads\/2026\/03\/plan-de-estudios-Educacion-Fisica_compressed.pdf\">plan-de-estudios-Educacion-Fisica_compressed<\/a><a href=\"https:\/\/ijmesuperior-cba.infd.edu.ar\/sitio\/wp-content\/uploads\/2026\/03\/plan-de-estudios-Educacion-Fisica_compressed.pdf\" class=\"wp-block-file__button wp-element-button\" download aria-describedby=\"wp-block-file--media-f82fe235-1e39-4262-99ac-719b527be4d0\">Descarga<\/a><\/div>\n\n\n\n<p><strong>CORRELATIVIDADES DEL PROFESORADO DE EDUCACI\u00d3N F\u00cdSICA<\/strong><\/p>\n\n\n\n<p>Le\u00e9 o descarg\u00e1 el documento desde aqu\u00ed<\/p>\n\n\n\n<div class=\"wp-block-file\"><object class=\"wp-block-file__embed\" data=\"https:\/\/ijmesuperior-cba.infd.edu.ar\/sitio\/wp-content\/uploads\/2026\/03\/Correlatividades-de-Educ.-Fisica_compressed.pdf\" type=\"application\/pdf\" style=\"width:100%;height:600px\" aria-label=\"Incrustado de Correlatividades-de-Educ.-Fisica_compressed.\"><\/object><a id=\"wp-block-file--media-26bb6c51-f631-49ac-8470-72642f52da27\" href=\"https:\/\/ijmesuperior-cba.infd.edu.ar\/sitio\/wp-content\/uploads\/2026\/03\/Correlatividades-de-Educ.-Fisica_compressed.pdf\">Correlatividades-de-Educ.-Fisica_compressed<\/a><a href=\"https:\/\/ijmesuperior-cba.infd.edu.ar\/sitio\/wp-content\/uploads\/2026\/03\/Correlatividades-de-Educ.-Fisica_compressed.pdf\" class=\"wp-block-file__button wp-element-button\" download aria-describedby=\"wp-block-file--media-26bb6c51-f631-49ac-8470-72642f52da27\">Descarga<\/a><\/div>\n","protected":false},"excerpt":{"rendered":"<p>R\u00c9GIMEN ACAD\u00c9MICO MARCO (R.A.M.) Le\u00e9 o descarg\u00e1 el documento desde aqu\u00ed ACUERDO INSTITUCIONAL DE CONVIVENCIA (A.I.C.) Le\u00e9 o descarg\u00e1 el documento desde aqu\u00ed PLAN DE ESTUDIO Y PLAN DE CORRELATIVIDADES DE LA TECNICATURA SUPERIOR EN ENFERMER\u00cdA Le\u00e9 o descarg\u00e1 el documento desde aqu\u00ed PLAN DE ESTUDIO DEL PROFESORADO DE INGL\u00c9S Le\u00e9 o descarg\u00e1 el documento &#8230; <a title=\"Documentaci\u00f3n Acad\u00e9mica\" class=\"read-more\" href=\"https:\/\/ijmesuperior-cba.infd.edu.ar\/sitio\/estudiantes\/fechas-importantes\/\" aria-label=\"M\u00e1s en Documentaci\u00f3n Acad\u00e9mica\">[+]<\/a><\/p>\n","protected":false},"author":6,"featured_media":0,"parent":692,"menu_order":0,"comment_status":"closed","ping_status":"closed","template":"","meta":[],"_links":{"self":[{"href":"https:\/\/ijmesuperior-cba.infd.edu.ar\/sitio\/wp-json\/wp\/v2\/pages\/727"}],"collection":[{"href":"https:\/\/ijmesuperior-cba.infd.edu.ar\/sitio\/wp-json\/wp\/v2\/pages"}],"about":[{"href":"https:\/\/ijmesuperior-cba.infd.edu.ar\/sitio\/wp-json\/wp\/v2\/types\/page"}],"author":[{"embeddable":true,"href":"https:\/\/ijmesuperior-cba.infd.edu.ar\/sitio\/wp-json\/wp\/v2\/users\/6"}],"replies":[{"embeddable":true,"href":"https:\/\/ijmesuperior-cba.infd.edu.ar\/sitio\/wp-json\/wp\/v2\/comments?post=727"}],"version-history":[{"count":12,"href":"https:\/\/ijmesuperior-cba.infd.edu.ar\/sitio\/wp-json\/wp\/v2\/pages\/727\/revisions"}],"predecessor-version":[{"id":991,"href":"https:\/\/ijmesuperior-cba.infd.edu.ar\/sitio\/wp-json\/wp\/v2\/pages\/727\/revisions\/991"}],"up":[{"embeddable":true,"href":"https:\/\/ijmesuperior-cba.infd.edu.ar\/sitio\/wp-json\/wp\/v2\/pages\/692"}],"wp:attachment":[{"href":"https:\/\/ijmesuperior-cba.infd.edu.ar\/sitio\/wp-json\/wp\/v2\/media?parent=727"}],"curies":[{"name":"wp","href":"https:\/\/api.w.org\/{rel}","templated":true}]}}