{"id":685,"date":"2018-07-25T15:06:42","date_gmt":"2018-07-25T18:06:42","guid":{"rendered":"https:\/\/ijmesuperior-cba.infd.edu.ar\/sitio\/?page_id=685"},"modified":"2026-03-03T15:22:16","modified_gmt":"2026-03-03T18:22:16","slug":"autoridades","status":"publish","type":"page","link":"https:\/\/ijmesuperior-cba.infd.edu.ar\/sitio\/institucional\/autoridades\/","title":{"rendered":"Autoridades"},"content":{"rendered":"\n<h4 class=\"wp-block-heading\"><span data-mce-mark=\"1\"><strong>DIRECCI\u00d3N<\/strong><\/span><\/h4>\n\n\n\n<p>Cristina Sesia<\/p>\n\n\n\n<h4 class=\"wp-block-heading\"><strong>COORDINACI\u00d3N<\/strong><\/h4>\n\n\n\n<p>Gabriela Alejandra Alassia<\/p>\n\n\n\n<h4 class=\"wp-block-heading\"><span data-mce-mark=\"1\"><strong>SECRETAR\u00cdA<\/strong><\/span><\/h4>\n\n\n\n<p>Emanuel Mercedes del Luj\u00e1n Punschke<\/p>\n\n\n\n<h4 class=\"wp-block-heading\">PRECEPTORIA<\/h4>\n\n\n\n<p>Solange Erika Lichtenfeld<\/p>\n\n\n\n<p>Claudio Daniel Abraham<\/p>\n\n\n<div class=\"wp-block-image\">\n<figure class=\"aligncenter size-full is-resized\"><img decoding=\"async\" loading=\"lazy\" src=\"https:\/\/ijmesuperior-cba.infd.edu.ar\/sitio\/wp-content\/uploads\/2026\/02\/instituto-jose-manuel-estrada-nivel-superior.png\" alt=\"\" class=\"wp-image-834\" width=\"541\" height=\"403\"\/><\/figure><\/div>","protected":false},"excerpt":{"rendered":"<p>DIRECCI\u00d3N Cristina Sesia COORDINACI\u00d3N Gabriela Alejandra Alassia SECRETAR\u00cdA Emanuel Mercedes del Luj\u00e1n Punschke PRECEPTORIA Solange Erika Lichtenfeld Claudio Daniel Abraham<\/p>\n","protected":false},"author":6,"featured_media":0,"parent":683,"menu_order":0,"comment_status":"closed","ping_status":"closed","template":"","meta":[],"_links":{"self":[{"href":"https:\/\/ijmesuperior-cba.infd.edu.ar\/sitio\/wp-json\/wp\/v2\/pages\/685"}],"collection":[{"href":"https:\/\/ijmesuperior-cba.infd.edu.ar\/sitio\/wp-json\/wp\/v2\/pages"}],"about":[{"href":"https:\/\/ijmesuperior-cba.infd.edu.ar\/sitio\/wp-json\/wp\/v2\/types\/page"}],"author":[{"embeddable":true,"href":"https:\/\/ijmesuperior-cba.infd.edu.ar\/sitio\/wp-json\/wp\/v2\/users\/6"}],"replies":[{"embeddable":true,"href":"https:\/\/ijmesuperior-cba.infd.edu.ar\/sitio\/wp-json\/wp\/v2\/comments?post=685"}],"version-history":[{"count":15,"href":"https:\/\/ijmesuperior-cba.infd.edu.ar\/sitio\/wp-json\/wp\/v2\/pages\/685\/revisions"}],"predecessor-version":[{"id":946,"href":"https:\/\/ijmesuperior-cba.infd.edu.ar\/sitio\/wp-json\/wp\/v2\/pages\/685\/revisions\/946"}],"up":[{"embeddable":true,"href":"https:\/\/ijmesuperior-cba.infd.edu.ar\/sitio\/wp-json\/wp\/v2\/pages\/683"}],"wp:attachment":[{"href":"https:\/\/ijmesuperior-cba.infd.edu.ar\/sitio\/wp-json\/wp\/v2\/media?parent=685"}],"curies":[{"name":"wp","href":"https:\/\/api.w.org\/{rel}","templated":true}]}}