{"id":318,"date":"2016-10-31T14:20:44","date_gmt":"2016-10-31T17:20:44","guid":{"rendered":"https:\/\/ijmesuperior-cba.infd.edu.ar\/sitio\/?page_id=318"},"modified":"2026-02-27T17:34:49","modified_gmt":"2026-02-27T20:34:49","slug":"contacto","status":"publish","type":"page","link":"https:\/\/ijmesuperior-cba.infd.edu.ar\/sitio\/institucional\/contacto\/","title":{"rendered":"Datos de contacto"},"content":{"rendered":"\n<h2 class=\"wp-block-heading\">Comunicate con nosotros<\/h2>\n\n\n\n<p><strong>Direcci\u00f3n: Av. Santa Fe 665 &#8211; Corral de Bustos Ifflinger<br>Tel\u00e9fono: 03468-433338<br>E-mail: ijmesuperior@gmail.com<br>Instagram: @ijmesuperior<br>Horarios de atenci\u00f3n: de Lunes a Viernes de 14:00 a 20:00 hs<\/strong><\/p>\n\n\n\n<iframe src=\"https:\/\/www.google.com\/maps\/embed?pb=!1m18!1m12!1m3!1d3335.3535362059974!2d-62.190489824957716!3d-33.283412788976136!2m3!1f0!2f0!3f0!3m2!1i1024!2i768!4f13.1!3m3!1m2!1s0x95c9023ecd006c77%3A0x31f078330754c29b!2sAv.%20Sta.%20Fe%20665%2C%20X2645%20Corral%20de%20Bustos-Ifflinger%2C%20C%C3%B3rdoba!5e0!3m2!1ses!2sar!4v1772224383474!5m2!1ses!2sar\" width=\"600\" height=\"450\" style=\"border:0;\" allowfullscreen=\"\" loading=\"lazy\" referrerpolicy=\"no-referrer-when-downgrade\"><\/iframe>\n","protected":false},"excerpt":{"rendered":"<p>Comunicate con nosotros Direcci\u00f3n: Av. Santa Fe 665 &#8211; Corral de Bustos IfflingerTel\u00e9fono: 03468-433338E-mail: ijmesuperior@gmail.comInstagram: @ijmesuperiorHorarios de atenci\u00f3n: de Lunes a Viernes de 14:00 a 20:00 hs<\/p>\n","protected":false},"author":1,"featured_media":0,"parent":683,"menu_order":0,"comment_status":"closed","ping_status":"closed","template":"","meta":[],"_links":{"self":[{"href":"https:\/\/ijmesuperior-cba.infd.edu.ar\/sitio\/wp-json\/wp\/v2\/pages\/318"}],"collection":[{"href":"https:\/\/ijmesuperior-cba.infd.edu.ar\/sitio\/wp-json\/wp\/v2\/pages"}],"about":[{"href":"https:\/\/ijmesuperior-cba.infd.edu.ar\/sitio\/wp-json\/wp\/v2\/types\/page"}],"author":[{"embeddable":true,"href":"https:\/\/ijmesuperior-cba.infd.edu.ar\/sitio\/wp-json\/wp\/v2\/users\/1"}],"replies":[{"embeddable":true,"href":"https:\/\/ijmesuperior-cba.infd.edu.ar\/sitio\/wp-json\/wp\/v2\/comments?post=318"}],"version-history":[{"count":18,"href":"https:\/\/ijmesuperior-cba.infd.edu.ar\/sitio\/wp-json\/wp\/v2\/pages\/318\/revisions"}],"predecessor-version":[{"id":842,"href":"https:\/\/ijmesuperior-cba.infd.edu.ar\/sitio\/wp-json\/wp\/v2\/pages\/318\/revisions\/842"}],"up":[{"embeddable":true,"href":"https:\/\/ijmesuperior-cba.infd.edu.ar\/sitio\/wp-json\/wp\/v2\/pages\/683"}],"wp:attachment":[{"href":"https:\/\/ijmesuperior-cba.infd.edu.ar\/sitio\/wp-json\/wp\/v2\/media?parent=318"}],"curies":[{"name":"wp","href":"https:\/\/api.w.org\/{rel}","templated":true}]}}