{"id":1024,"date":"2026-03-27T09:28:11","date_gmt":"2026-03-27T12:28:11","guid":{"rendered":"https:\/\/ijmesuperior-cba.infd.edu.ar\/sitio\/?page_id=1024"},"modified":"2026-03-31T15:45:56","modified_gmt":"2026-03-31T18:45:56","slug":"documentacion-para-estudiantes-avanzados-de-2o-ano-en-adelante","status":"publish","type":"page","link":"https:\/\/ijmesuperior-cba.infd.edu.ar\/sitio\/documentacion-para-estudiantes-avanzados-de-2o-ano-en-adelante\/","title":{"rendered":"Documentaci\u00f3n para estudiantes de 2\u00ba a\u00f1o en adelante"},"content":{"rendered":"\n<p><a href=\"https:\/\/ijmesuperior-cba.infd.edu.ar\/#facebook\" rel=\"noreferrer noopener\" target=\"_blank\"><\/a><\/p>\n\n\n\n<p>Aqu\u00ed encontrar\u00e1n toda la documentaci\u00f3n que deber\u00e1n descargar, completar y enviar de manera digital al correo electr\u00f3nico:&nbsp;<a rel=\"noreferrer noopener\" href=\"mailto:ijmesuperior@gmail.com\" target=\"_blank\"><strong>ijmesuperior@gmail.com<\/strong><\/a>&nbsp;y en el ASUNTO del mail colocar: \u201cApellido_DNI_Ingresantes 2026\u201d (Ej: Perez_xx.xxx.xxx_Ingresante2026).<\/p>\n\n\n\n<p>Estos documentos los deber\u00e1n enviar actualizados cada a\u00f1o de cursado, antes de comenzar el dictado de clases. <br><br>1- CONTRATO:<\/p>\n\n\n\n<div class=\"wp-block-file\"><object class=\"wp-block-file__embed\" data=\"https:\/\/ijmesuperior-cba.infd.edu.ar\/sitio\/wp-content\/uploads\/2026\/03\/CONTRATO-NIVEL-SUPERIOR.pdf\" type=\"application\/pdf\" style=\"width:100%;height:600px\" aria-label=\"Incrustado de CONTRATO-NIVEL-SUPERIOR.\"><\/object><a id=\"wp-block-file--media-ef43449c-1bad-4565-a4b4-8ec751be497f\" href=\"https:\/\/ijmesuperior-cba.infd.edu.ar\/sitio\/wp-content\/uploads\/2026\/03\/CONTRATO-NIVEL-SUPERIOR.pdf\">CONTRATO-NIVEL-SUPERIOR<\/a><a href=\"https:\/\/ijmesuperior-cba.infd.edu.ar\/sitio\/wp-content\/uploads\/2026\/03\/CONTRATO-NIVEL-SUPERIOR.pdf\" class=\"wp-block-file__button wp-element-button\" download aria-describedby=\"wp-block-file--media-ef43449c-1bad-4565-a4b4-8ec751be497f\">Descarga<\/a><\/div>\n\n\n\n<p>2- SOLICITUD DE MATR\u00cdCULA:<\/p>\n\n\n\n<div class=\"wp-block-file\"><object class=\"wp-block-file__embed\" data=\"https:\/\/ijmesuperior-cba.infd.edu.ar\/sitio\/wp-content\/uploads\/2026\/03\/MATRICULA-DE-INSCRIPCION-NIVEL-SUPERIOR-1.pdf\" type=\"application\/pdf\" style=\"width:100%;height:600px\" aria-label=\"Incrustado de MATRICULA-DE-INSCRIPCION-NIVEL-SUPERIOR-1.\"><\/object><a id=\"wp-block-file--media-37ab79df-2018-41b6-8795-5eb1e91476e2\" href=\"https:\/\/ijmesuperior-cba.infd.edu.ar\/sitio\/wp-content\/uploads\/2026\/03\/MATRICULA-DE-INSCRIPCION-NIVEL-SUPERIOR-1.pdf\">MATRICULA-DE-INSCRIPCION-NIVEL-SUPERIOR-1<\/a><a href=\"https:\/\/ijmesuperior-cba.infd.edu.ar\/sitio\/wp-content\/uploads\/2026\/03\/MATRICULA-DE-INSCRIPCION-NIVEL-SUPERIOR-1.pdf\" class=\"wp-block-file__button wp-element-button\" download aria-describedby=\"wp-block-file--media-37ab79df-2018-41b6-8795-5eb1e91476e2\">Descarga<\/a><\/div>\n\n\n\n<p>3- CERTIFICADO DE ANTECEDENTES PENALES:<\/p>\n\n\n\n<p><a rel=\"noreferrer noopener\" href=\"https:\/\/www.argentina.gob.ar\/justicia\/reincidencia\/antecedentespenales\" target=\"_blank\">CERTIFICADO DE ANTECEDENTES PENALES<\/a><\/p>\n\n\n\n<p>4- CERTIFICADO DE NO INSCRIPCI\u00d3N AL REGISTRO PROVINCIAL DE PERSONAS CONDENADAS POR DELITOS CONTRA LA INTEGRIDAD SEXUAL (LEY 9680):<\/p>\n\n\n\n<p><a rel=\"noreferrer noopener\" href=\"https:\/\/disweb.cba.gov.ar\/\" target=\"_blank\">CERTIFICADO DE NO INSCRIPCI\u00d3N AL REGISTRO PROVINCIAL DE PERSONAS CONDENADAS POR DELITOS CONTRA LA INTEGRIDAD SEXUAL (LEY 9680)<\/a><\/p>\n","protected":false},"excerpt":{"rendered":"<p>Aqu\u00ed encontrar\u00e1n toda la documentaci\u00f3n que deber\u00e1n descargar, completar y enviar de manera digital al correo electr\u00f3nico:&nbsp;ijmesuperior@gmail.com&nbsp;y en el ASUNTO del mail colocar: \u201cApellido_DNI_Ingresantes 2026\u201d (Ej: Perez_xx.xxx.xxx_Ingresante2026). Estos documentos los deber\u00e1n enviar actualizados cada a\u00f1o de cursado, antes de comenzar el dictado de clases. 1- CONTRATO: 2- SOLICITUD DE MATR\u00cdCULA: 3- CERTIFICADO DE ANTECEDENTES PENALES: &#8230; <a title=\"Documentaci\u00f3n para estudiantes de 2\u00ba a\u00f1o en adelante\" class=\"read-more\" href=\"https:\/\/ijmesuperior-cba.infd.edu.ar\/sitio\/documentacion-para-estudiantes-avanzados-de-2o-ano-en-adelante\/\" aria-label=\"M\u00e1s en Documentaci\u00f3n para estudiantes de 2\u00ba a\u00f1o en adelante\">[+]<\/a><\/p>\n","protected":false},"author":21,"featured_media":0,"parent":0,"menu_order":0,"comment_status":"closed","ping_status":"closed","template":"","meta":[],"_links":{"self":[{"href":"https:\/\/ijmesuperior-cba.infd.edu.ar\/sitio\/wp-json\/wp\/v2\/pages\/1024"}],"collection":[{"href":"https:\/\/ijmesuperior-cba.infd.edu.ar\/sitio\/wp-json\/wp\/v2\/pages"}],"about":[{"href":"https:\/\/ijmesuperior-cba.infd.edu.ar\/sitio\/wp-json\/wp\/v2\/types\/page"}],"author":[{"embeddable":true,"href":"https:\/\/ijmesuperior-cba.infd.edu.ar\/sitio\/wp-json\/wp\/v2\/users\/21"}],"replies":[{"embeddable":true,"href":"https:\/\/ijmesuperior-cba.infd.edu.ar\/sitio\/wp-json\/wp\/v2\/comments?post=1024"}],"version-history":[{"count":9,"href":"https:\/\/ijmesuperior-cba.infd.edu.ar\/sitio\/wp-json\/wp\/v2\/pages\/1024\/revisions"}],"predecessor-version":[{"id":1045,"href":"https:\/\/ijmesuperior-cba.infd.edu.ar\/sitio\/wp-json\/wp\/v2\/pages\/1024\/revisions\/1045"}],"wp:attachment":[{"href":"https:\/\/ijmesuperior-cba.infd.edu.ar\/sitio\/wp-json\/wp\/v2\/media?parent=1024"}],"curies":[{"name":"wp","href":"https:\/\/api.w.org\/{rel}","templated":true}]}}